{"id":47,"date":"2021-05-26T09:41:22","date_gmt":"2021-05-26T09:41:22","guid":{"rendered":"https:\/\/speringorj.ro\/?page_id=47"},"modified":"2023-12-29T22:13:47","modified_gmt":"2023-12-29T20:13:47","slug":"sper-in-scoli","status":"publish","type":"page","link":"https:\/\/speringorj.ro\/en\/sper-in-scoli\/","title":{"rendered":"Sper \u00een \u0219coli"},"content":{"rendered":"<div data-elementor-type=\"wp-page\" data-elementor-id=\"47\" class=\"elementor elementor-47\" data-elementor-post-type=\"page\">\n\t\t\t\t\t\t<section data-particle_enable=\"false\" data-particle-mobile-disabled=\"false\" class=\"elementor-section elementor-top-section elementor-element elementor-element-12b8bb7 elementor-section-full_width elementor-section-height-min-height elementor-section-stretched elementor-section-height-default elementor-section-items-middle\" data-id=\"12b8bb7\" data-element_type=\"section\" data-settings=\"{&quot;stretch_section&quot;:&quot;section-stretched&quot;,&quot;background_background&quot;:&quot;classic&quot;}\">\n\t\t\t\t\t\t\t<div class=\"elementor-background-overlay\"><\/div>\n\t\t\t\t\t\t\t<div class=\"elementor-container elementor-column-gap-no\">\n\t\t\t\t\t<div class=\"elementor-column elementor-col-50 elementor-top-column elementor-element elementor-element-aa60eee\" data-id=\"aa60eee\" data-element_type=\"column\">\n\t\t\t<div class=\"elementor-widget-wrap elementor-element-populated\">\n\t\t\t\t\t\t<div class=\"elementor-element elementor-element-5d3bbb3 elementor-blockquote--skin-quotation elementor-widget elementor-widget-blockquote\" data-id=\"5d3bbb3\" data-element_type=\"widget\" data-widget_type=\"blockquote.default\">\n\t\t\t\t<div class=\"elementor-widget-container\">\n\t\t\t\t\t\t\t<blockquote class=\"elementor-blockquote\">\n\t\t\t<p class=\"elementor-blockquote__content\">\n\t\t\t\t\u015ecoala trebuie adaptat\u0103 la copii \u015fi nu copiii adapta\u0163i \u015fcolilor.\t\t\t<\/p>\n\t\t\t\t\t\t\t<div class=\"e-q-footer\">\n\t\t\t\t\t\t\t\t\t\t\t<cite class=\"elementor-blockquote__author\">Alexander Sutherland<\/cite>\n\t\t\t\t\t\t\t\t\t\t\t\t\t\t<\/div>\n\t\t\t\t\t<\/blockquote>\n\t\t\t\t\t\t<\/div>\n\t\t\t\t<\/div>\n\t\t\t\t\t<\/div>\n\t\t<\/div>\n\t\t\t\t<div class=\"elementor-column elementor-col-50 elementor-top-column elementor-element elementor-element-4efbd2f\" data-id=\"4efbd2f\" data-element_type=\"column\">\n\t\t\t<div class=\"elementor-widget-wrap elementor-element-populated\">\n\t\t\t\t\t\t<div class=\"elementor-element elementor-element-ad71937 elementor-widget elementor-widget-spacer\" data-id=\"ad71937\" data-element_type=\"widget\" data-widget_type=\"spacer.default\">\n\t\t\t\t<div class=\"elementor-widget-container\">\n\t\t\t\t\t\t\t<div class=\"elementor-spacer\">\n\t\t\t<div class=\"elementor-spacer-inner\"><\/div>\n\t\t<\/div>\n\t\t\t\t\t\t<\/div>\n\t\t\t\t<\/div>\n\t\t\t\t\t<\/div>\n\t\t<\/div>\n\t\t\t\t\t<\/div>\n\t\t<\/section>\n\t\t\t\t<section data-particle_enable=\"false\" data-particle-mobile-disabled=\"false\" class=\"elementor-section elementor-top-section elementor-element elementor-element-fb5a1f6 elementor-section-boxed elementor-section-height-default elementor-section-height-default\" data-id=\"fb5a1f6\" data-element_type=\"section\">\n\t\t\t\t\t\t<div class=\"elementor-container elementor-column-gap-no\">\n\t\t\t\t\t<div class=\"elementor-column elementor-col-100 elementor-top-column elementor-element elementor-element-a9aec18\" data-id=\"a9aec18\" data-element_type=\"column\">\n\t\t\t<div class=\"elementor-widget-wrap elementor-element-populated\">\n\t\t\t\t\t\t<div class=\"elementor-element elementor-element-2b4cc4f elementor-widget elementor-widget-heading\" data-id=\"2b4cc4f\" data-element_type=\"widget\" data-widget_type=\"heading.default\">\n\t\t\t\t<div class=\"elementor-widget-container\">\n\t\t\t\t\t<h2 class=\"elementor-heading-title elementor-size-default\"> SPER \u00een \u0218coli <\/h2>\t\t\t\t<\/div>\n\t\t\t\t<\/div>\n\t\t\t\t<section data-particle_enable=\"false\" data-particle-mobile-disabled=\"false\" class=\"elementor-section elementor-inner-section elementor-element elementor-element-6f711fd elementor-section-boxed elementor-section-height-default elementor-section-height-default\" data-id=\"6f711fd\" data-element_type=\"section\">\n\t\t\t\t\t\t<div class=\"elementor-container elementor-column-gap-default\">\n\t\t\t\t\t<div class=\"elementor-column elementor-col-50 elementor-inner-column elementor-element elementor-element-cd3c791\" data-id=\"cd3c791\" data-element_type=\"column\">\n\t\t\t<div class=\"elementor-widget-wrap elementor-element-populated\">\n\t\t\t\t\t\t<div class=\"elementor-element elementor-element-b281d42 elementor-widget elementor-widget-heading\" data-id=\"b281d42\" data-element_type=\"widget\" data-widget_type=\"heading.default\">\n\t\t\t\t<div class=\"elementor-widget-container\">\n\t\t\t\t\t<h2 class=\"elementor-heading-title elementor-size-default\">Beneficii pentru \u0219colile implicate \u00een proiect<\/h2>\t\t\t\t<\/div>\n\t\t\t\t<\/div>\n\t\t\t\t<div class=\"elementor-element elementor-element-82297bf elementor-widget elementor-widget-text-editor\" data-id=\"82297bf\" data-element_type=\"widget\" data-widget_type=\"text-editor.default\">\n\t\t\t\t<div class=\"elementor-widget-container\">\n\t\t\t\t\t\t\t\t\t<p>6 \u0219coli vor beneficia fiecare de un pachet de echipamente pentru derularea activit\u0103\u021bilor educa\u021bionale:\u00a0<\/p><p>Tabl\u0103 interactiv\u0103 + videoproiector,<\/p><p>Laptop cu sistem de operare \u0219i aplica\u021bie de birou<\/p><p>10 tablete.<\/p><p>Selec\u021bia \u0219colilor se va face \u00een functie de dot\u0103rile actuale \u0219i de num\u0103rul de copii din GT care sunt \u00eenscri\u0219i la \u0219coala respectiv\u0103<\/p>\t\t\t\t\t\t\t\t<\/div>\n\t\t\t\t<\/div>\n\t\t\t\t\t<\/div>\n\t\t<\/div>\n\t\t\t\t<div class=\"elementor-column elementor-col-50 elementor-inner-column elementor-element elementor-element-48551e9\" data-id=\"48551e9\" data-element_type=\"column\">\n\t\t\t<div class=\"elementor-widget-wrap elementor-element-populated\">\n\t\t\t\t\t\t<div class=\"elementor-element elementor-element-4a17243 elementor-widget elementor-widget-heading\" data-id=\"4a17243\" data-element_type=\"widget\" data-widget_type=\"heading.default\">\n\t\t\t\t<div class=\"elementor-widget-container\">\n\t\t\t\t\t<h2 class=\"elementor-heading-title elementor-size-default\">\u00cen cadrul proiectului au fost semnate acorduri de parteneriat cu urm\u0103toarele unit\u0103\u021bi de \u00eenv\u0103\u021b\u0103m\u00e2nt preuniversitar din Jude\u021bul Gorj<\/h2>\t\t\t\t<\/div>\n\t\t\t\t<\/div>\n\t\t\t\t<div class=\"elementor-element elementor-element-6e46c0d elementor-widget elementor-widget-text-editor\" data-id=\"6e46c0d\" data-element_type=\"widget\" data-widget_type=\"text-editor.default\">\n\t\t\t\t<div class=\"elementor-widget-container\">\n\t\t\t\t\t\t\t\t\t<ul>\n<li>\u0218coala Gimnazial\u0103 \u201dIon Popescu Voite\u0219ti\u201d, Comuna B\u0103l\u0103ne\u0219ti<\/li>\n<li>\u0218coala Gimnazial\u0103 Scoar\u021ba<\/li>\n<li>\u0218coala Gimnazial\u0103 B\u0103lce\u0219ti, Comuna Benge\u0219ti-Ciocadia<\/li>\n<li>Gr\u0103dini\u021ba cu Program Prelungit nr. 1 T\u00e2rgu Jiu<\/li>\n<li>Liceul de Arte \u201dConstantin Br\u0103iloiu\u201d T\u00e2rgu Jiu<\/li>\n<li>\u0218coala Gimnazial\u0103 \u201dEcaterina Teodoriu\u201d&nbsp;&nbsp;T\u00e2rgu Jiu<\/li>\n<li>\u0218coala Gimnazial\u0103 \u201dPompiliu Marcea\u201d T\u00e2rgu Jiu<\/li>\n<li>Colegiul Economic \u201dVirgil Madgearu\u201d T\u00e2rgu Jiu<\/li>\n<li>Colegiul Na\u021bional \u201dTudor Vladimirescu\u201d T\u00e2rgu Jiu<\/li>\n<li>Colegiul Tehnic \u201dGeneral Gheorghe Magheru\u201d T\u00e2rgu Jiu<\/li>\n<li>Colegiul Na\u021bional \u201dSpiru Haret\u201d T\u00e2rgu Jiu<\/li>\n<li>\u0218coala Gimnazial\u0103 \u201dVoievod Litovoi\u201d, T\u00e2rgu Jiu<\/li>\n<li>Gr\u0103dini\u021ba nr. 20 T\u00e2rgu Jiu<\/li>\n<li>\u0218coala Gimnazial\u0103 \u201dSf\u00e2ntul Nicolae\u201d, T\u00e2rgu Jiu<\/li>\n<li>Liceul Teologic T\u00e2rgu Jiu<\/li>\n<li>\u0218coala Gimnazial\u0103 \u201dConstantin Br\u00e2ncu\u0219i\u201d<\/li>\n<li>Gr\u0103dini\u021ba cu Program Prelungit nr 8 T\u00e2rgu Jiu<\/li>\n<li>Colegiul Auto \u201dTraian Vuia\u201d T\u00e2rgu Jiu (Gr\u0103dini\u021ba nr. 17 \u0219i \u0218coala Gimnazial\u0103 nr 7 T\u00e2rgu Jiu)<\/li>\n<li>Centrul \u0218colar pentru Educa\u021bie Incluziv\u0103 T\u00e2rgu Jiu<\/li>\n<li>Pagina Olteniei- ziar online<\/li>\n<li>Gr\u0103dini\u021ba cu Program Prelungit \u201dMihai Eminescu\u201d<\/li>\n<li>\u0218coala Gimnazial\u0103 \u201dConstantin S\u0103voiu\u201d T\u00e2rgu Jiu<\/li>\n<li>Liceul Tehnologic \u201dHenri Coand\u0103\u201d T\u00e2rgu Jiu<\/li>\n<li>\u0218coala Gimnazial\u0103 \u201dAlexandru \u0218tefulescu\u201d T\u00e2rgu Jiu<\/li>\n<li>Gr\u0103dini\u021ba cu Program Prelungit \u201dLumea Copiilor\u201d<\/li>\n<li>Liceul Tehnologic B\u00e2lteni<\/li>\n<li>\u0218coala Gimnazial\u0103 \u201dGeorge Usc\u0103tescu\u201d T\u00e2rgu C\u0103rbune\u0219ti<\/li>\n<li>Liceul Tehnologic \u201dGeneral Constantin \u0218andru\u201d, B\u00eelta<\/li>\n<li>Liceul Teoretic \u201dTudor Arghezi\u201d T\u00e2rgu-C\u0103rbune\u0219ti<\/li>\n<li>Asocia\u021bia \u201dSpecial Friends\u201d T\u00e2rgu Jiu<\/li>\n<li>Scoala Gimnazial\u0103 \u021aicleni<\/li>\n<li>Liceul Tehnologic \u021aicleni<\/li>\n<li>Gr\u0103dini\u021ba \u201dSf\u00e2ntul Stelian\u201d T\u00e2rgu Jiu<\/li>\n<li>Asocia\u021bia Arca Lex T\u00e2rgu Jiu<\/li>\n<li>Asocia\u021bia pentru \u0218anse Egale T\u00e2rgu Jiu<\/li>\n<li>Asocia\u021bia Be Teen<\/li>\n<li>Primaria Ora\u0219ului \u021aicleni<\/li>\n<li>Prim\u0103ria Ora\u0219ului T\u00e2rgu C\u0103rbune\u0219ti<\/li>\n<li>Scoala Gimnazial\u0103 Capu Dealului, comuna Br\u0103ne\u0219ti<\/li>\n<li>Asocia\u021bia ADES pentru Dezvoltarea Economiei Sustenabile<\/li>\n<li>Liceul Tehnologic Baia de Fier<\/li>\n<li>Asocia\u021bia Opportunity Club<\/li>\n<li>\u0218coala Gimnazial\u0103 nr. 1 Rovinari<\/li>\n<li>\u0218coala Gimnazial\u0103 nr. 3 Rovinari<\/li>\n<li>Colegiul \u201dEcaterina Teodoroiu<\/li>\n<li><span style=\"font-size: 16px;\">Gr\u0103dini\u021ba cu Program Prelungit Rovinari<\/span><\/li>\n<li>\u0218coala Gimnazial\u0103 Bumbe\u0219ti Pitic<\/li>\n<li>Liceul \u201dGheorghe T\u0103t\u0103rescu\u201d Rovinari<\/li>\n<li>\n<p><span style=\"font-size: 16px;\">Liceul Tehnologic \u201dConstantin Br\u00e2ncu\u0219i\u201d Pe\u0219ti\u0219ani<\/span><\/p>\n<\/li>\n<li>Asocia\u021bia de Dezvoltare Intercomunitar\u0103 Valea Gilortului T\u00e2rgu C\u0103rbune\u0219ti<\/li>\n<li>Prim\u0103ria Br\u0103ne\u0219ti<\/li>\n<li>Asocia\u021bia Suflet pentru S\u0103n\u0103tate<\/li>\n<li>Prim\u0103ria Turceni<\/li>\n<li>Prim\u0103ria Scoar\u021ba<\/li>\n<li>Funda\u021bia Cultural\u0103 Columna<\/li>\n<li>Asocia\u021bia GAL Sudul Gorjului<\/li>\n<li>Liga Studen\u021bilor din Universitatea \u201dConstantin Br\u00e2ncu\u0219i\u201d<\/li>\n<li>Prim\u0103ria Rovinari<\/li>\n<li>Liceul Tehnologic Ro\u0219ia<\/li>\n<li>Organiza\u021bia Femeilor Antreprenor din Rom\u00e2nia<\/li>\n<li>Liceul Tehnologic Constantin Br\u00e2ncu\u0219i Pe\u0219ti\u0219ani<\/li>\n<li>\u0218coala Gimnazial\u0103 Bumbe\u0219ti Pi\u021bic<\/li>\n<li>Gr\u0103dini\u021ba cu Program Prelungit Rovinari<\/li>\n<li>Colegiul Na\u021bional \u201dTudor Vladimirescu\u201d<\/li>\n<li>Asocia\u021bia Grupul de Ac\u021biune Locala Amaradia \u2013 Gilort \u2013 Olte\u021b<\/li>\n<li>Funda\u021bia DIALOG SOCIAL din Dr\u0103goieni T\u00e2rgu Jiu<\/li>\n<li>Primaria Bustuchin<\/li>\n<li>Prim\u0103ria Jup\u00e2ne\u0219ti<\/li>\n<li>Prim\u0103ria B\u0103rb\u0103te\u0219ti<\/li>\n<li>Asocia\u021bia Iunona<\/li>\n<li>\u0218coala Gimnazial\u0103 Jup\u00e2ne\u0219ti<\/li>\n<li>Prim\u0103ria Bumbe\u0219ti Pitic<\/li>\n<li>Prim\u0103ria Ora\u0219 Novaci.<\/li>\n<li>Prim\u0103ria S\u0103celu<\/li>\n<li>Prim\u0103ria B\u0103l\u0103ne\u0219ti<\/li>\n<li>\u0218coala Gimnazial\u0102 Licurici<\/li>\n<li>Prim\u0103ria B\u00e2lteni<\/li>\n<li>Institu\u021bia Prefectului Gorj<\/li>\n<li>Liceul Teoretic Novaci<\/li>\n<li>\u0218coala Gimnazial\u0103 Novaci<\/li>\n<li><span style=\"font-style: inherit; font-weight: inherit;\">Funda\u021bia Valea Bistri\u021bei<\/span><\/li>\n<li>Asocia\u021bia Clubul Sportiv Raideri<\/li>\n<li><span style=\"font-style: inherit; font-weight: inherit;\">Asociatia GAL Gilort<\/span><\/li>\n<li>Asocia\u021bia Academia Creativa \u201dMultilingua\u201d<\/li>\n<li>Asocia\u021bia \u0218coala Gorjean\u0103<\/li>\n<li>Prim\u0103ria Comunei Schela<\/li>\n<li>Asocia\u021bia Psihologilor Gorjeni<\/li>\n<li>Prim\u0103ria Comunei Benge\u0219ti-Ciocadia<\/li>\n<li>\u0218coala Gimnazial\u0103 Aninoasa<\/li>\n<li>Prim\u0103ria \u021a\u00e2n\u021b\u0103reni<\/li>\n<li>Prim\u0103ria Dr\u0103gu\u021be\u0219ti<\/li>\n<li>Centrul de Consiliere \u021a\u00e2n\u021b\u0103reni<\/li>\n<li>Golanex Print SRL<\/li>\n<li>MNGC FORMA SRL<\/li>\n<li>Asocia\u021bia Trix Bike<\/li>\n<li>Asocia\u021bia Down Art Therapy&nbsp;<\/li>\n<li>Centrul Rom\u00e2n pentru Comunicare, filiala Gorj<\/li>\n<li>\n<li>Asocia\u021bia Novo Traditio<\/li>\n<li>Asocia\u021bia Comunitar\u0103 Baia de Fier<\/li>\n<li>Asocia\u021bia \u201dFapte mici\u201d<\/li><li>Torop Big Family SRL<br><\/li>\n<li>Federa\u021bia Start<\/li>\n<\/li>\n<\/ul>\t\t\t\t\t\t\t\t<\/div>\n\t\t\t\t<\/div>\n\t\t\t\t\t<\/div>\n\t\t<\/div>\n\t\t\t\t\t<\/div>\n\t\t<\/section>\n\t\t\t\t\t<\/div>\n\t\t<\/div>\n\t\t\t\t\t<\/div>\n\t\t<\/section>\n\t\t\t\t<\/div>","protected":false},"excerpt":{"rendered":"<p>\u015ecoala trebuie adaptat\u0103 la copii \u015fi nu copiii adapta\u0163i \u015fcolilor. Alexander Sutherland SPER \u00een \u0218coli Beneficii pentru \u0219colile implicate \u00een proiect 6 \u0219coli vor beneficia fiecare de un pachet de echipamente pentru derularea activit\u0103\u021bilor educa\u021bionale:\u00a0 Tabl\u0103 interactiv\u0103 + videoproiector, Laptop cu sistem de operare \u0219i aplica\u021bie de birou 10 tablete. Selec\u021bia \u0219colilor se va face [&hellip;]<\/p>","protected":false},"author":1,"featured_media":0,"parent":0,"menu_order":0,"comment_status":"closed","ping_status":"closed","template":"","meta":{"site-sidebar-layout":"no-sidebar","site-content-layout":"page-builder","ast-site-content-layout":"default","site-content-style":"default","site-sidebar-style":"default","ast-global-header-display":"","ast-banner-title-visibility":"","ast-main-header-display":"","ast-hfb-above-header-display":"","ast-hfb-below-header-display":"","ast-hfb-mobile-header-display":"","site-post-title":"disabled","ast-breadcrumbs-content":"","ast-featured-img":"disabled","footer-sml-layout":"","theme-transparent-header-meta":"default","adv-header-id-meta":"","stick-header-meta":"","header-above-stick-meta":"","header-main-stick-meta":"","header-below-stick-meta":"","astra-migrate-meta-layouts":"default","ast-page-background-enabled":"default","ast-page-background-meta":{"desktop":{"background-color":"","background-image":"","background-repeat":"repeat","background-position":"center center","background-size":"auto","background-attachment":"scroll","background-type":"","background-media":"","overlay-type":"","overlay-color":"","overlay-opacity":"","overlay-gradient":""},"tablet":{"background-color":"","background-image":"","background-repeat":"repeat","background-position":"center center","background-size":"auto","background-attachment":"scroll","background-type":"","background-media":"","overlay-type":"","overlay-color":"","overlay-opacity":"","overlay-gradient":""},"mobile":{"background-color":"","background-image":"","background-repeat":"repeat","background-position":"center center","background-size":"auto","background-attachment":"scroll","background-type":"","background-media":"","overlay-type":"","overlay-color":"","overlay-opacity":"","overlay-gradient":""}},"ast-content-background-meta":{"desktop":{"background-color":"var(--ast-global-color-5)","background-image":"","background-repeat":"repeat","background-position":"center center","background-size":"auto","background-attachment":"scroll","background-type":"","background-media":"","overlay-type":"","overlay-color":"","overlay-opacity":"","overlay-gradient":""},"tablet":{"background-color":"var(--ast-global-color-5)","background-image":"","background-repeat":"repeat","background-position":"center center","background-size":"auto","background-attachment":"scroll","background-type":"","background-media":"","overlay-type":"","overlay-color":"","overlay-opacity":"","overlay-gradient":""},"mobile":{"background-color":"var(--ast-global-color-5)","background-image":"","background-repeat":"repeat","background-position":"center center","background-size":"auto","background-attachment":"scroll","background-type":"","background-media":"","overlay-type":"","overlay-color":"","overlay-opacity":"","overlay-gradient":""}},"footnotes":""},"class_list":["post-47","page","type-page","status-publish","hentry"],"_links":{"self":[{"href":"https:\/\/speringorj.ro\/en\/wp-json\/wp\/v2\/pages\/47","targetHints":{"allow":["GET"]}}],"collection":[{"href":"https:\/\/speringorj.ro\/en\/wp-json\/wp\/v2\/pages"}],"about":[{"href":"https:\/\/speringorj.ro\/en\/wp-json\/wp\/v2\/types\/page"}],"author":[{"embeddable":true,"href":"https:\/\/speringorj.ro\/en\/wp-json\/wp\/v2\/users\/1"}],"replies":[{"embeddable":true,"href":"https:\/\/speringorj.ro\/en\/wp-json\/wp\/v2\/comments?post=47"}],"version-history":[{"count":121,"href":"https:\/\/speringorj.ro\/en\/wp-json\/wp\/v2\/pages\/47\/revisions"}],"predecessor-version":[{"id":666,"href":"https:\/\/speringorj.ro\/en\/wp-json\/wp\/v2\/pages\/47\/revisions\/666"}],"wp:attachment":[{"href":"https:\/\/speringorj.ro\/en\/wp-json\/wp\/v2\/media?parent=47"}],"curies":[{"name":"wp","href":"https:\/\/api.w.org\/{rel}","templated":true}]}}