{"id":45,"date":"2021-05-26T09:40:55","date_gmt":"2021-05-26T09:40:55","guid":{"rendered":"https:\/\/speringorj.ro\/?page_id=45"},"modified":"2021-05-28T10:45:42","modified_gmt":"2021-05-28T07:45:42","slug":"sper-in-parinti","status":"publish","type":"page","link":"https:\/\/speringorj.ro\/en\/sper-in-parinti\/","title":{"rendered":"Sper \u00een p\u0103rin\u021bi"},"content":{"rendered":"<div data-elementor-type=\"wp-page\" data-elementor-id=\"45\" class=\"elementor elementor-45\" data-elementor-post-type=\"page\">\n\t\t\t\t\t\t<section data-particle_enable=\"false\" data-particle-mobile-disabled=\"false\" class=\"elementor-section elementor-top-section elementor-element elementor-element-595dd1d elementor-section-full_width elementor-section-height-min-height elementor-section-stretched elementor-section-height-default elementor-section-items-middle\" data-id=\"595dd1d\" data-element_type=\"section\" data-settings=\"{&quot;stretch_section&quot;:&quot;section-stretched&quot;,&quot;background_background&quot;:&quot;classic&quot;}\">\n\t\t\t\t\t\t\t<div class=\"elementor-background-overlay\"><\/div>\n\t\t\t\t\t\t\t<div class=\"elementor-container elementor-column-gap-no\">\n\t\t\t\t\t<div class=\"elementor-column elementor-col-50 elementor-top-column elementor-element elementor-element-88e1831\" data-id=\"88e1831\" data-element_type=\"column\">\n\t\t\t<div class=\"elementor-widget-wrap elementor-element-populated\">\n\t\t\t\t\t\t<div class=\"elementor-element elementor-element-48c3e86 elementor-blockquote--skin-quotation elementor-widget elementor-widget-blockquote\" data-id=\"48c3e86\" data-element_type=\"widget\" data-widget_type=\"blockquote.default\">\n\t\t\t\t<div class=\"elementor-widget-container\">\n\t\t\t\t\t\t\t<blockquote class=\"elementor-blockquote\">\n\t\t\t<p class=\"elementor-blockquote__content\">\n\t\t\t\tExista doar doua mosteniri de durata pe care speram sa le oferim copiilor nostri. Una dintre acestea este radacinile, iar cealalta, aripile.\t\t\t<\/p>\n\t\t\t\t\t\t\t<div class=\"e-q-footer\">\n\t\t\t\t\t\t\t\t\t\t\t<cite class=\"elementor-blockquote__author\">Goethe<\/cite>\n\t\t\t\t\t\t\t\t\t\t\t\t\t\t<\/div>\n\t\t\t\t\t<\/blockquote>\n\t\t\t\t\t\t<\/div>\n\t\t\t\t<\/div>\n\t\t\t\t\t<\/div>\n\t\t<\/div>\n\t\t\t\t<div class=\"elementor-column elementor-col-50 elementor-top-column elementor-element elementor-element-688321a\" data-id=\"688321a\" data-element_type=\"column\">\n\t\t\t<div class=\"elementor-widget-wrap elementor-element-populated\">\n\t\t\t\t\t\t<div class=\"elementor-element elementor-element-d5a081e elementor-widget elementor-widget-spacer\" data-id=\"d5a081e\" data-element_type=\"widget\" data-widget_type=\"spacer.default\">\n\t\t\t\t<div class=\"elementor-widget-container\">\n\t\t\t\t\t\t\t<div class=\"elementor-spacer\">\n\t\t\t<div class=\"elementor-spacer-inner\"><\/div>\n\t\t<\/div>\n\t\t\t\t\t\t<\/div>\n\t\t\t\t<\/div>\n\t\t\t\t\t<\/div>\n\t\t<\/div>\n\t\t\t\t\t<\/div>\n\t\t<\/section>\n\t\t\t\t<section data-particle_enable=\"false\" data-particle-mobile-disabled=\"false\" class=\"elementor-section elementor-top-section elementor-element elementor-element-95774a5 elementor-section-boxed elementor-section-height-default elementor-section-height-default\" data-id=\"95774a5\" data-element_type=\"section\">\n\t\t\t\t\t\t<div class=\"elementor-container elementor-column-gap-no\">\n\t\t\t\t\t<div class=\"elementor-column elementor-col-100 elementor-top-column elementor-element elementor-element-3b22622\" data-id=\"3b22622\" data-element_type=\"column\">\n\t\t\t<div class=\"elementor-widget-wrap elementor-element-populated\">\n\t\t\t\t\t\t<div class=\"elementor-element elementor-element-76351bb elementor-widget elementor-widget-heading\" data-id=\"76351bb\" data-element_type=\"widget\" data-widget_type=\"heading.default\">\n\t\t\t\t<div class=\"elementor-widget-container\">\n\t\t\t\t\t<h2 class=\"elementor-heading-title elementor-size-default\"> SPER \u00een P\u0103rin\u021bi<\/h2>\t\t\t\t<\/div>\n\t\t\t\t<\/div>\n\t\t\t\t<section data-particle_enable=\"false\" data-particle-mobile-disabled=\"false\" class=\"elementor-section elementor-inner-section elementor-element elementor-element-4b96ea0 elementor-section-boxed elementor-section-height-default elementor-section-height-default\" data-id=\"4b96ea0\" data-element_type=\"section\">\n\t\t\t\t\t\t<div class=\"elementor-container elementor-column-gap-default\">\n\t\t\t\t\t<div class=\"elementor-column elementor-col-50 elementor-inner-column elementor-element elementor-element-0a9cbc6\" data-id=\"0a9cbc6\" data-element_type=\"column\">\n\t\t\t<div class=\"elementor-widget-wrap elementor-element-populated\">\n\t\t\t\t\t\t<div class=\"elementor-element elementor-element-643fbe4 elementor-widget elementor-widget-heading\" data-id=\"643fbe4\" data-element_type=\"widget\" data-widget_type=\"heading.default\">\n\t\t\t\t<div class=\"elementor-widget-container\">\n\t\t\t\t\t<h2 class=\"elementor-heading-title elementor-size-default\">Condi\u021bii \u00eenscriere<\/h2>\t\t\t\t<\/div>\n\t\t\t\t<\/div>\n\t\t\t\t<div class=\"elementor-element elementor-element-735ac23 elementor-widget elementor-widget-text-editor\" data-id=\"735ac23\" data-element_type=\"widget\" data-widget_type=\"text-editor.default\">\n\t\t\t\t<div class=\"elementor-widget-container\">\n\t\t\t\t\t\t\t\t\t<p><strong>P<\/strong><b>\u0103rin\u021bi\/tutori\/<\/b>persoana care are \u00een grij\u0103 copilul cu p\u0103rin\u021bi pleca\u021bi la munc\u0103 \u00een str\u0103in\u0103tate:<\/p><ul><li>\u00a0au domiciliul sau re\u0219edin\u021ba \u00een regiunea mai pu\u021bin dezvoltate<br \/>\u00a0<\/li><li>la intrarea \u00een proiect au \u00een grij\u0103 un copil inclus \u00een grupul \u021bint\u0103 al proiectului.<\/li><\/ul>\t\t\t\t\t\t\t\t<\/div>\n\t\t\t\t<\/div>\n\t\t\t\t\t<\/div>\n\t\t<\/div>\n\t\t\t\t<div class=\"elementor-column elementor-col-50 elementor-inner-column elementor-element elementor-element-1036bf9\" data-id=\"1036bf9\" data-element_type=\"column\">\n\t\t\t<div class=\"elementor-widget-wrap elementor-element-populated\">\n\t\t\t\t\t\t<div class=\"elementor-element elementor-element-d978279 elementor-widget elementor-widget-heading\" data-id=\"d978279\" data-element_type=\"widget\" data-widget_type=\"heading.default\">\n\t\t\t\t<div class=\"elementor-widget-container\">\n\t\t\t\t\t<h2 class=\"elementor-heading-title elementor-size-default\">Beneficii p\u0103rin\u021bi\/tutori<\/h2>\t\t\t\t<\/div>\n\t\t\t\t<\/div>\n\t\t\t\t<div class=\"elementor-element elementor-element-0038735 elementor-widget elementor-widget-text-editor\" data-id=\"0038735\" data-element_type=\"widget\" data-widget_type=\"text-editor.default\">\n\t\t\t\t<div class=\"elementor-widget-container\">\n\t\t\t\t\t\t\t\t\t<p><b>Servicii de educa\u021bie parental\u0103 <\/b><b>(<\/b>4 ore de consiliere individual\u0103 \u0219i 8 ore de consiliere de grup)<\/p><p>Obiectivele serviciilor de educa\u021bie pentru p\u0103rin\u021bi\/tutori:<\/p><p>Derularea unor activit\u0103\u021bi \u00eempreun\u0103 cu p\u0103rin\u021bii \u0219i cu al\u021bi membri ai comunit\u0103\u021bii, prin care s\u0103-\u0219i dezvolte competen\u021bele parentale;<\/p><p>crearea unui mediu formal \u00een care p\u0103rin\u021bii s\u0103-\u0219i consolideze competen\u021bele parentale, se informeze \u0219i s\u0103 \u00een\u021beleag\u0103 nevoile de educa\u021bie \u0219i dezvoltare ale acestuia;<\/p><p>programe de educa\u021bie parental\u0103 desf\u0103\u0219urate \u00een grupuri diverse, pe teme de interes major pentru p\u0103rin\u021bi, precum: s\u0103n\u0103tate fizic\u0103, s\u0103n\u0103tate mintal\u0103, alimenta\u021bie s\u0103n\u0103toas\u0103, dezvoltarea optim\u0103 a personalit\u0103\u021bii copilului \u0219i educa\u021bie.<\/p>\t\t\t\t\t\t\t\t<\/div>\n\t\t\t\t<\/div>\n\t\t\t\t\t<\/div>\n\t\t<\/div>\n\t\t\t\t\t<\/div>\n\t\t<\/section>\n\t\t\t\t\t<\/div>\n\t\t<\/div>\n\t\t\t\t\t<\/div>\n\t\t<\/section>\n\t\t\t\t<\/div>","protected":false},"excerpt":{"rendered":"<p>Exista doar doua mosteniri de durata pe care speram sa le oferim copiilor nostri. Una dintre acestea este radacinile, iar cealalta, aripile. Goethe SPER \u00een P\u0103rin\u021bi Condi\u021bii \u00eenscriere P\u0103rin\u021bi\/tutori\/persoana care are \u00een grij\u0103 copilul cu p\u0103rin\u021bi pleca\u021bi la munc\u0103 \u00een str\u0103in\u0103tate: \u00a0au domiciliul sau re\u0219edin\u021ba \u00een regiunea mai pu\u021bin dezvoltate\u00a0 la intrarea \u00een proiect au [&hellip;]<\/p>","protected":false},"author":1,"featured_media":0,"parent":0,"menu_order":0,"comment_status":"closed","ping_status":"closed","template":"","meta":{"site-sidebar-layout":"no-sidebar","site-content-layout":"page-builder","ast-site-content-layout":"default","site-content-style":"default","site-sidebar-style":"default","ast-global-header-display":"","ast-banner-title-visibility":"","ast-main-header-display":"","ast-hfb-above-header-display":"","ast-hfb-below-header-display":"","ast-hfb-mobile-header-display":"","site-post-title":"disabled","ast-breadcrumbs-content":"","ast-featured-img":"disabled","footer-sml-layout":"","theme-transparent-header-meta":"default","adv-header-id-meta":"","stick-header-meta":"","header-above-stick-meta":"","header-main-stick-meta":"","header-below-stick-meta":"","astra-migrate-meta-layouts":"default","ast-page-background-enabled":"default","ast-page-background-meta":{"desktop":{"background-color":"","background-image":"","background-repeat":"repeat","background-position":"center center","background-size":"auto","background-attachment":"scroll","background-type":"","background-media":"","overlay-type":"","overlay-color":"","overlay-opacity":"","overlay-gradient":""},"tablet":{"background-color":"","background-image":"","background-repeat":"repeat","background-position":"center center","background-size":"auto","background-attachment":"scroll","background-type":"","background-media":"","overlay-type":"","overlay-color":"","overlay-opacity":"","overlay-gradient":""},"mobile":{"background-color":"","background-image":"","background-repeat":"repeat","background-position":"center center","background-size":"auto","background-attachment":"scroll","background-type":"","background-media":"","overlay-type":"","overlay-color":"","overlay-opacity":"","overlay-gradient":""}},"ast-content-background-meta":{"desktop":{"background-color":"var(--ast-global-color-5)","background-image":"","background-repeat":"repeat","background-position":"center center","background-size":"auto","background-attachment":"scroll","background-type":"","background-media":"","overlay-type":"","overlay-color":"","overlay-opacity":"","overlay-gradient":""},"tablet":{"background-color":"var(--ast-global-color-5)","background-image":"","background-repeat":"repeat","background-position":"center center","background-size":"auto","background-attachment":"scroll","background-type":"","background-media":"","overlay-type":"","overlay-color":"","overlay-opacity":"","overlay-gradient":""},"mobile":{"background-color":"var(--ast-global-color-5)","background-image":"","background-repeat":"repeat","background-position":"center center","background-size":"auto","background-attachment":"scroll","background-type":"","background-media":"","overlay-type":"","overlay-color":"","overlay-opacity":"","overlay-gradient":""}},"footnotes":""},"class_list":["post-45","page","type-page","status-publish","hentry"],"_links":{"self":[{"href":"https:\/\/speringorj.ro\/en\/wp-json\/wp\/v2\/pages\/45","targetHints":{"allow":["GET"]}}],"collection":[{"href":"https:\/\/speringorj.ro\/en\/wp-json\/wp\/v2\/pages"}],"about":[{"href":"https:\/\/speringorj.ro\/en\/wp-json\/wp\/v2\/types\/page"}],"author":[{"embeddable":true,"href":"https:\/\/speringorj.ro\/en\/wp-json\/wp\/v2\/users\/1"}],"replies":[{"embeddable":true,"href":"https:\/\/speringorj.ro\/en\/wp-json\/wp\/v2\/comments?post=45"}],"version-history":[{"count":14,"href":"https:\/\/speringorj.ro\/en\/wp-json\/wp\/v2\/pages\/45\/revisions"}],"predecessor-version":[{"id":266,"href":"https:\/\/speringorj.ro\/en\/wp-json\/wp\/v2\/pages\/45\/revisions\/266"}],"wp:attachment":[{"href":"https:\/\/speringorj.ro\/en\/wp-json\/wp\/v2\/media?parent=45"}],"curies":[{"name":"wp","href":"https:\/\/api.w.org\/{rel}","templated":true}]}}