{"id":43,"date":"2021-05-26T09:40:48","date_gmt":"2021-05-26T09:40:48","guid":{"rendered":"https:\/\/speringorj.ro\/?page_id=43"},"modified":"2021-05-28T10:43:10","modified_gmt":"2021-05-28T07:43:10","slug":"sper-in-copii","status":"publish","type":"page","link":"https:\/\/speringorj.ro\/en\/sper-in-copii\/","title":{"rendered":"Sper \u00een copii"},"content":{"rendered":"<div data-elementor-type=\"wp-page\" data-elementor-id=\"43\" class=\"elementor elementor-43\" data-elementor-post-type=\"page\">\n\t\t\t\t\t\t<section data-particle_enable=\"false\" data-particle-mobile-disabled=\"false\" class=\"elementor-section elementor-top-section elementor-element elementor-element-08138fa elementor-section-full_width elementor-section-height-min-height elementor-section-stretched elementor-section-height-default elementor-section-items-middle\" data-id=\"08138fa\" data-element_type=\"section\" data-settings=\"{&quot;stretch_section&quot;:&quot;section-stretched&quot;,&quot;background_background&quot;:&quot;classic&quot;}\">\n\t\t\t\t\t\t\t<div class=\"elementor-background-overlay\"><\/div>\n\t\t\t\t\t\t\t<div class=\"elementor-container elementor-column-gap-no\">\n\t\t\t\t\t<div class=\"elementor-column elementor-col-50 elementor-top-column elementor-element elementor-element-099b55d\" data-id=\"099b55d\" data-element_type=\"column\">\n\t\t\t<div class=\"elementor-widget-wrap elementor-element-populated\">\n\t\t\t\t\t\t<div class=\"elementor-element elementor-element-ef2936c elementor-blockquote--skin-quotation elementor-widget elementor-widget-blockquote\" data-id=\"ef2936c\" data-element_type=\"widget\" data-widget_type=\"blockquote.default\">\n\t\t\t\t<div class=\"elementor-widget-container\">\n\t\t\t\t\t\t\t<blockquote class=\"elementor-blockquote\">\n\t\t\t<p class=\"elementor-blockquote__content\">\n\t\t\t\tP\u0103rin\u021bii pot doar oferi sfaturi \u0219i s\u0103-\u0219i \u00eendrepte copiii pe drumul cel bun, dar modul \u00een care ace\u0219tia \u00ee\u0219i formeaz\u0103 caracterul se afl\u0103 doar \u00een m\u00e2inile lor.\t\t\t<\/p>\n\t\t\t\t\t\t\t<div class=\"e-q-footer\">\n\t\t\t\t\t\t\t\t\t\t\t<cite class=\"elementor-blockquote__author\">Anne Frank<\/cite>\n\t\t\t\t\t\t\t\t\t\t\t\t\t\t<\/div>\n\t\t\t\t\t<\/blockquote>\n\t\t\t\t\t\t<\/div>\n\t\t\t\t<\/div>\n\t\t\t\t\t<\/div>\n\t\t<\/div>\n\t\t\t\t<div class=\"elementor-column elementor-col-50 elementor-top-column elementor-element elementor-element-1fdff2e\" data-id=\"1fdff2e\" data-element_type=\"column\">\n\t\t\t<div class=\"elementor-widget-wrap elementor-element-populated\">\n\t\t\t\t\t\t<div class=\"elementor-element elementor-element-c8e7427 elementor-widget elementor-widget-spacer\" data-id=\"c8e7427\" data-element_type=\"widget\" data-widget_type=\"spacer.default\">\n\t\t\t\t<div class=\"elementor-widget-container\">\n\t\t\t\t\t\t\t<div class=\"elementor-spacer\">\n\t\t\t<div class=\"elementor-spacer-inner\"><\/div>\n\t\t<\/div>\n\t\t\t\t\t\t<\/div>\n\t\t\t\t<\/div>\n\t\t\t\t\t<\/div>\n\t\t<\/div>\n\t\t\t\t\t<\/div>\n\t\t<\/section>\n\t\t\t\t<section data-particle_enable=\"false\" data-particle-mobile-disabled=\"false\" class=\"elementor-section elementor-top-section elementor-element elementor-element-a86efea elementor-section-boxed elementor-section-height-default elementor-section-height-default\" data-id=\"a86efea\" data-element_type=\"section\">\n\t\t\t\t\t\t<div class=\"elementor-container elementor-column-gap-no\">\n\t\t\t\t\t<div class=\"elementor-column elementor-col-100 elementor-top-column elementor-element elementor-element-ecca948\" data-id=\"ecca948\" data-element_type=\"column\">\n\t\t\t<div class=\"elementor-widget-wrap elementor-element-populated\">\n\t\t\t\t\t\t<div class=\"elementor-element elementor-element-88c26d9 elementor-widget elementor-widget-heading\" data-id=\"88c26d9\" data-element_type=\"widget\" data-widget_type=\"heading.default\">\n\t\t\t\t<div class=\"elementor-widget-container\">\n\t\t\t\t\t<h2 class=\"elementor-heading-title elementor-size-default\"> SPER \u00een Copii<\/h2>\t\t\t\t<\/div>\n\t\t\t\t<\/div>\n\t\t\t\t<section data-particle_enable=\"false\" data-particle-mobile-disabled=\"false\" class=\"elementor-section elementor-inner-section elementor-element elementor-element-1b712ef elementor-section-boxed elementor-section-height-default elementor-section-height-default\" data-id=\"1b712ef\" data-element_type=\"section\">\n\t\t\t\t\t\t<div class=\"elementor-container elementor-column-gap-default\">\n\t\t\t\t\t<div class=\"elementor-column elementor-col-50 elementor-inner-column elementor-element elementor-element-03cd412\" data-id=\"03cd412\" data-element_type=\"column\">\n\t\t\t<div class=\"elementor-widget-wrap elementor-element-populated\">\n\t\t\t\t\t\t<div class=\"elementor-element elementor-element-f9d2c5c elementor-widget elementor-widget-heading\" data-id=\"f9d2c5c\" data-element_type=\"widget\" data-widget_type=\"heading.default\">\n\t\t\t\t<div class=\"elementor-widget-container\">\n\t\t\t\t\t<h2 class=\"elementor-heading-title elementor-size-default\">Condi\u021bii \u00eenscriere<\/h2>\t\t\t\t<\/div>\n\t\t\t\t<\/div>\n\t\t\t\t<div class=\"elementor-element elementor-element-d713f85 elementor-widget elementor-widget-text-editor\" data-id=\"d713f85\" data-element_type=\"widget\" data-widget_type=\"text-editor.default\">\n\t\t\t\t<div class=\"elementor-widget-container\">\n\t\t\t\t\t\t\t\t\t<p><b>P<\/b><b><i>re\u0219colari \u0219i elevi:<\/i><\/b><\/p><ul><li>\u00a0au domiciliul sau re\u0219edin\u021ba \u00een regiunile mai pu\u021bin dezvoltate;<\/li><li>la intrarea \u00een proiect, cel pu\u021bin unul din p\u0103rin\u021bi este plecat din \u021bar\u0103 de cel pu\u021bin 6 luni<\/li><\/ul>\t\t\t\t\t\t\t\t<\/div>\n\t\t\t\t<\/div>\n\t\t\t\t<div class=\"elementor-element elementor-element-9ae0816 elementor-widget elementor-widget-heading\" data-id=\"9ae0816\" data-element_type=\"widget\" data-widget_type=\"heading.default\">\n\t\t\t\t<div class=\"elementor-widget-container\">\n\t\t\t\t\t<h2 class=\"elementor-heading-title elementor-size-default\">Beneficii pentru copii <\/h2>\t\t\t\t<\/div>\n\t\t\t\t<\/div>\n\t\t\t\t<div class=\"elementor-element elementor-element-443a770 elementor-widget elementor-widget-text-editor\" data-id=\"443a770\" data-element_type=\"widget\" data-widget_type=\"text-editor.default\">\n\t\t\t\t<div class=\"elementor-widget-container\">\n\t\t\t\t\t\t\t\t\t<p><b>Pachet<\/b><b>\u00a0<\/b><b>rechizite<\/b><b>\u00a0<\/b><b>pentru<\/b><b>\u00a02<\/b> <b>ani\u00a0<\/b><b>\u0219colari<\/b><b>:<\/b><\/p><p><b>pentru<\/b><b>\u00a0<\/b><b>pre\u0219colari<\/b>: rucsac, carioci, creioane colorate, acuarele, bloc desen,\u00a0c\u0103r\u021bi\u00a0de colorat, jocuri educative<\/p><p><b>pentru<\/b> <b>elevi<\/b>: ghiozdan, penar echipat, caiete, bloc de desen, acuarele, pensule.<\/p><p>Subven\u021bii \u2013 <b>maxim 1.800 lei\/copil\/an \u0219colar <\/b>\u00een func\u021bie de prezen\u021ba la \u0219coal\u0103, activit\u0103\u021bile proiectului \u0219i ob\u021binerea de progrese \u00een educa\u021bie<\/p><p>2 <b>excursii<\/b>\u00a0cu\u00a0durata\u00a0de 1\u00a0zi\/copil<\/p><p>1<b>\u00a0<\/b><b>tab\u0103r<\/b><b>\u0103<\/b>\u00a0cu\u00a0durata\u00a0de 5\u00a0zile\/copil<\/p><p>Participare la\u00a0<b>ateliere<\/b><\/p>\t\t\t\t\t\t\t\t<\/div>\n\t\t\t\t<\/div>\n\t\t\t\t\t<\/div>\n\t\t<\/div>\n\t\t\t\t<div class=\"elementor-column elementor-col-50 elementor-inner-column elementor-element elementor-element-87e7dc1\" data-id=\"87e7dc1\" data-element_type=\"column\">\n\t\t\t<div class=\"elementor-widget-wrap elementor-element-populated\">\n\t\t\t\t\t\t<div class=\"elementor-element elementor-element-26c997d elementor-widget elementor-widget-heading\" data-id=\"26c997d\" data-element_type=\"widget\" data-widget_type=\"heading.default\">\n\t\t\t\t<div class=\"elementor-widget-container\">\n\t\t\t\t\t<h2 class=\"elementor-heading-title elementor-size-default\">Activit\u0103\u021bi ce vor fi realizate cu copii <\/h2>\t\t\t\t<\/div>\n\t\t\t\t<\/div>\n\t\t\t\t<div class=\"elementor-element elementor-element-12725eb elementor-widget elementor-widget-text-editor\" data-id=\"12725eb\" data-element_type=\"widget\" data-widget_type=\"text-editor.default\">\n\t\t\t\t<div class=\"elementor-widget-container\">\n\t\t\t\t\t\t\t\t\t<p><b>Servicii de suport educa\u021bional: <\/b>suport educa\u021bional suplimentar si complementar, activit\u0103\u021bi de dezvoltare deprinderi de comunicare si limbaj, abilit\u0103\u021bi sociale rela\u021bionate cu \u00eenv\u0103\u021barea \u2013 <b>136 ore\/copil<\/b><\/p><p><b>Servicii <\/b><b>psiho<\/b><b>-sociale de sprijin: <\/b><\/p><p>Minim\u00a0 <b>4 ore de <\/b><b>consiliere <\/b>individual\u0103 pentru suport emo\u021bional \u0219i psihopedagogic realizat\u0103 de consilieri \u0219colari<\/p><p>Minim <b>16 ore de <\/b><b>consiliere<\/b><b> de <\/b><b>grup<\/b> pe copil<\/p><p><b>270 de <\/b><b>\u0219<\/b><b>edinte<\/b><b> de <\/b><b>psihoterapie<\/b> realizate de c\u0103tre un psiholog autorizat<\/p><p><b>150 de ateliere pentru copii<\/b>\u00a0 cu urm\u0103toarele tematici:<\/p><p><b>ateliere<\/b><b> creative<\/b>: pictur\u0103 (pe lemn, sticl\u0103, h\u00e2rtie, p\u00e2nz\u0103), origami, modelaj \u00een lut, crea\u021bii din lemn, aranjamente florale;<\/p><p><b>ateliere<\/b> <b>artistice<\/b>: actorie, teatru de p\u0103pu\u0219i, muzic\u0103,<\/p><p><b>ateliere<\/b><b> IT (minim 10%): <\/b>abilit\u0103\u021bi de baz\u0103, siguran\u021ba \u00een mediul online, robotic\u0103, programare;<\/p><p><b>ateliere<\/b> <b>senzoriale<\/b> <b>\u0219<\/b><b>i<\/b> <b>dezvoltarea<\/b> <b>inteligen<\/b><b>\u021b<\/b><b>ei<\/b><b> emo<\/b><b>\u021b<\/b><b>ionale<\/b>: jocuri senzoriale, sim\u021bire \u0219i cunoa\u0219tere;<\/p><p><b>ateliere<\/b><b> recreative<\/b>: tenis, dansuri<b>, <\/b><\/p><p><b>ateliere<\/b><b> \u201e<\/b><b>inteligen<\/b><b>\u021b<\/b><b>a m<\/b><b>\u00e2<\/b><b>inilor<\/b><b>\u201d<\/b>: lucru manual,<\/p><p><b>ateliere<\/b><b> de art<\/b><b>\u0103<\/b> <b>fotografic<\/b><b>\u0103, <\/b><b>ateliere<\/b> <b>gastronomice<\/b><b> distractive<\/b><b>, <\/b><b>ateliere<\/b><b> de <\/b><b>educa<\/b><b>\u021b<\/b><b>ie<\/b> <b>financiar<\/b><b>\u0103<\/b><\/p><p><b>Desf\u0103\u0219urarea de excursii, tabere <\/b><b>\u0219<\/b><b>colare <\/b><b>\u0219<\/b><b>i activit\u0103\u021bi sportive<\/b><\/p><p>Excursii \u0219colare cu durata de 1 zi<\/p><p>Tabere cu durata de 5 zile<\/p>\t\t\t\t\t\t\t\t<\/div>\n\t\t\t\t<\/div>\n\t\t\t\t\t<\/div>\n\t\t<\/div>\n\t\t\t\t\t<\/div>\n\t\t<\/section>\n\t\t\t\t\t<\/div>\n\t\t<\/div>\n\t\t\t\t\t<\/div>\n\t\t<\/section>\n\t\t\t\t<\/div>","protected":false},"excerpt":{"rendered":"<p>P\u0103rin\u021bii pot doar oferi sfaturi \u0219i s\u0103-\u0219i \u00eendrepte copiii pe drumul cel bun, dar modul \u00een care ace\u0219tia \u00ee\u0219i formeaz\u0103 caracterul se afl\u0103 doar \u00een m\u00e2inile lor. Anne Frank SPER \u00een Copii Condi\u021bii \u00eenscriere Pre\u0219colari \u0219i elevi: \u00a0au domiciliul sau re\u0219edin\u021ba \u00een regiunile mai pu\u021bin dezvoltate; la intrarea \u00een proiect, cel pu\u021bin unul din p\u0103rin\u021bi [&hellip;]<\/p>","protected":false},"author":1,"featured_media":0,"parent":0,"menu_order":0,"comment_status":"closed","ping_status":"closed","template":"","meta":{"site-sidebar-layout":"no-sidebar","site-content-layout":"page-builder","ast-site-content-layout":"default","site-content-style":"default","site-sidebar-style":"default","ast-global-header-display":"","ast-banner-title-visibility":"","ast-main-header-display":"","ast-hfb-above-header-display":"","ast-hfb-below-header-display":"","ast-hfb-mobile-header-display":"","site-post-title":"disabled","ast-breadcrumbs-content":"","ast-featured-img":"disabled","footer-sml-layout":"","theme-transparent-header-meta":"default","adv-header-id-meta":"","stick-header-meta":"","header-above-stick-meta":"","header-main-stick-meta":"","header-below-stick-meta":"","astra-migrate-meta-layouts":"default","ast-page-background-enabled":"default","ast-page-background-meta":{"desktop":{"background-color":"","background-image":"","background-repeat":"repeat","background-position":"center center","background-size":"auto","background-attachment":"scroll","background-type":"","background-media":"","overlay-type":"","overlay-color":"","overlay-opacity":"","overlay-gradient":""},"tablet":{"background-color":"","background-image":"","background-repeat":"repeat","background-position":"center center","background-size":"auto","background-attachment":"scroll","background-type":"","background-media":"","overlay-type":"","overlay-color":"","overlay-opacity":"","overlay-gradient":""},"mobile":{"background-color":"","background-image":"","background-repeat":"repeat","background-position":"center center","background-size":"auto","background-attachment":"scroll","background-type":"","background-media":"","overlay-type":"","overlay-color":"","overlay-opacity":"","overlay-gradient":""}},"ast-content-background-meta":{"desktop":{"background-color":"var(--ast-global-color-5)","background-image":"","background-repeat":"repeat","background-position":"center center","background-size":"auto","background-attachment":"scroll","background-type":"","background-media":"","overlay-type":"","overlay-color":"","overlay-opacity":"","overlay-gradient":""},"tablet":{"background-color":"var(--ast-global-color-5)","background-image":"","background-repeat":"repeat","background-position":"center center","background-size":"auto","background-attachment":"scroll","background-type":"","background-media":"","overlay-type":"","overlay-color":"","overlay-opacity":"","overlay-gradient":""},"mobile":{"background-color":"var(--ast-global-color-5)","background-image":"","background-repeat":"repeat","background-position":"center center","background-size":"auto","background-attachment":"scroll","background-type":"","background-media":"","overlay-type":"","overlay-color":"","overlay-opacity":"","overlay-gradient":""}},"footnotes":""},"class_list":["post-43","page","type-page","status-publish","hentry"],"_links":{"self":[{"href":"https:\/\/speringorj.ro\/en\/wp-json\/wp\/v2\/pages\/43","targetHints":{"allow":["GET"]}}],"collection":[{"href":"https:\/\/speringorj.ro\/en\/wp-json\/wp\/v2\/pages"}],"about":[{"href":"https:\/\/speringorj.ro\/en\/wp-json\/wp\/v2\/types\/page"}],"author":[{"embeddable":true,"href":"https:\/\/speringorj.ro\/en\/wp-json\/wp\/v2\/users\/1"}],"replies":[{"embeddable":true,"href":"https:\/\/speringorj.ro\/en\/wp-json\/wp\/v2\/comments?post=43"}],"version-history":[{"count":17,"href":"https:\/\/speringorj.ro\/en\/wp-json\/wp\/v2\/pages\/43\/revisions"}],"predecessor-version":[{"id":263,"href":"https:\/\/speringorj.ro\/en\/wp-json\/wp\/v2\/pages\/43\/revisions\/263"}],"wp:attachment":[{"href":"https:\/\/speringorj.ro\/en\/wp-json\/wp\/v2\/media?parent=43"}],"curies":[{"name":"wp","href":"https:\/\/api.w.org\/{rel}","templated":true}]}}